{"id":1090,"date":"2018-04-13T13:14:15","date_gmt":"2018-04-13T11:14:15","guid":{"rendered":"https:\/\/www.socaconsult.com\/contratacion-de-personal-y-marca-empleadora\/"},"modified":"2018-04-17T15:10:24","modified_gmt":"2018-04-17T13:10:24","slug":"contratacion-de-personal-y-marca-empleadora","status":"publish","type":"page","link":"https:\/\/www.socaconsult.com\/es\/contratacion-de-personal-y-marca-empleadora\/","title":{"rendered":"Contrataci\u00f3n de personal y Marca empleadora"},"content":{"rendered":"<div class=\"wpb-content-wrapper\"><p>[vc_row][vc_column]\n\t\t\t<!-- START \u00dcber soca REVOLUTION SLIDER 6.7.18 --><p class=\"rs-p-wp-fix\"><\/p>\n\t\t\t<rs-module-wrap id=\"rev_slider_3_1_wrapper\" data-source=\"gallery\" style=\"visibility:hidden;background:transparent;padding:0;margin:0px auto;margin-top:0;margin-bottom:0;\">\n\t\t\t\t<rs-module id=\"rev_slider_3_1\" style=\"\" data-version=\"6.7.18\">\n\t\t\t\t\t<rs-slides style=\"overflow: hidden; position: absolute;\">\n\t\t\t\t\t\t<rs-slide style=\"position: absolute;\" data-key=\"rs-3\" data-title=\"Slide\" data-anim=\"adpr:false;\">\n\t\t\t\t\t\t\t<img decoding=\"async\" src=\"\/\/www.socaconsult.com\/wp-content\/plugins\/revslider\/sr6\/assets\/assets\/dummy.png\" alt=\"\" title=\"Contrataci\u00f3n de personal y Marca empleadora\" class=\"rev-slidebg tp-rs-img rs-lazyload\" data-lazyload=\"\/\/www.socaconsult.com\/wp-content\/uploads\/2017\/11\/sophie_carls_startseite.jpg\" data-no-retina>\n<!---->\t\t\t\t\t<\/rs-slide>\n\t\t\t\t\t<\/rs-slides>\n\t\t\t\t<\/rs-module>\n\t\t\t\t<script>\n\t\t\t\t\tsetREVStartSize({c: 'rev_slider_3_1',rl:[1240,1024,778,480],el:[],gw:[1240],gh:[350],type:'hero',justify:'',layout:'fullwidth',mh:\"0\"});if (window.RS_MODULES!==undefined && window.RS_MODULES.modules!==undefined && window.RS_MODULES.modules[\"revslider31\"]!==undefined) {window.RS_MODULES.modules[\"revslider31\"].once = false;window.revapi3 = undefined;if (window.RS_MODULES.checkMinimal!==undefined) window.RS_MODULES.checkMinimal()}\n\t\t\t\t<\/script>\n\t\t\t<\/rs-module-wrap>\n\t\t\t<!-- END REVOLUTION SLIDER -->\n[\/vc_column][\/vc_row][vc_row][vc_column width=\u00bb2\/3&#8243;][vc_column_text]<\/p>\n<h1><span style=\"color: #a3cc7a;\">Contrataci\u00f3n de personal y Marca empleadora <\/span><\/h1>\n<p><strong>\u00bfSe pregunta c\u00f3mo puede posicionarse mejor en el mercado como empresario frente a la competencia? \u00bfQu\u00e9 medidas son necesarias para aumentar su atractividad como empresario y elevarse frente a su competencia e imponerse a ella?<\/strong><\/p>\n<p>Elaborar\u00e9 junto con usted un concepto para el desarrollo y optimizaci\u00f3n de su marca de empresario.<br \/>\nLe ayudar\u00e9 en la contrataci\u00f3n de personal con la preparaci\u00f3n y ejecuci\u00f3n de apariciones en ferias de trabajo y profesionales: Desde la selecci\u00f3n de las ferias profesionales para usted y su empresa hasta la planificaci\u00f3n de su aparici\u00f3n, organizaci\u00f3n y realizaci\u00f3n del puesto en la feria, as\u00ed como la ejecuci\u00f3n de la aparici\u00f3n en la feria. De manera conjunta, haremos de usted un empresario atractivo para potenciales candidatos.<br \/>\nYa sea en Xing, Linkedin, etc., le ayudar\u00e9, asesor\u00e1ndole para su aparici\u00f3n digital como empresario en los medios sociales. Crear\u00e9 junto con usted su aparici\u00f3n como empleado en los distintos canales medi\u00e1ticos.[\/vc_column_text][\/vc_column][vc_column width=\u00bb1\/3&#8243;][vc_column_text css_animation=\u00bbnone\u00bb el_class=\u00bbuk-flex-center uk-flex\u00bb css=\u00bb.vc_custom_1508853937235{padding-top: 70px !important;}\u00bb]<\/p>\n<p style=\"border-radius: 60%; box-shadow: 0 1px 15px #ccc; padding: 40px;\"><img loading=\"lazy\" decoding=\"async\" class=\"alignnone size-full wp-image-621\" src=\"https:\/\/www.socaconsult.com\/wp-content\/uploads\/2017\/10\/beratung-2.png\" alt=\"\" width=\"180\" height=\"180\" srcset=\"https:\/\/www.socaconsult.com\/wp-content\/uploads\/2017\/10\/beratung-2.png 180w, https:\/\/www.socaconsult.com\/wp-content\/uploads\/2017\/10\/beratung-2-150x150.png 150w\" sizes=\"auto, (max-width: 180px) 100vw, 180px\" \/><\/p>\n<p>[\/vc_column_text][\/vc_column][\/vc_row][vc_row full_width=\u00bbstretch_row\u00bb css=\u00bb.vc_custom_1509963384145{margin-bottom: 60px !important;padding-top: 45px !important;padding-bottom: 45px !important;background-color: #f2f2f2 !important;}\u00bb el_class=\u00bbcheck-list-wrapper\u00bb][vc_column width=\u00bb1\/2&#8243;][vc_column_text]<span class=\"headline-h2\">marketing de personal<\/span><\/p>\n<ul class=\"uk-list uk-list-space\">\n<li>Desarrollo de conceptos<\/li>\n<li>Desarrollo de la marca patronal<\/li>\n<li>Aspecto digital<\/li>\n<\/ul>\n<p>[\/vc_column_text][\/vc_column][vc_column width=\u00bb1\/2&#8243;][vc_column_text]<span class=\"headline-h2\">marca empleadora<\/span><\/p>\n<ul class=\"uk-list uk-list-space\">\n<li>Directrices de la empresa<\/li>\n<li>Concepto de marca empresarial<\/li>\n<li>apariciones en ferias<\/li>\n<\/ul>\n<p>[\/vc_column_text][\/vc_column][\/vc_row][vc_row][vc_column width=\u00bb2\/3&#8243;][vc_column_text]<strong>\u00bfQu\u00e9 medidas de retenci\u00f3n de empleados practica usted ya?<br \/>\n\u00bfA cu\u00e1les sigues faltando? Hagamos un an\u00e1lisis completo juntos!<br \/>\n\u00bfExisten valores en su empresa de los que se pueda derivar una cultura corporativa para usted y sus empleados?<\/strong><\/p>\n<p>Si usted responde esta pregunta con NO, es hora de que trabajemos juntos para definir sus propios valores y pautas de la compa\u00f1\u00eda y hacer que su propia cultura corporativa sea reconocible para todos. Cuanto m\u00e1s fuerte sea su cultura corporativa, mayor ser\u00e1 su potencial de retenci\u00f3n de empleados.<br \/>\nLa imagen de marca del empleador como un todo debe verse como un ciclo de medidas en las \u00e1reas de marketing de personal, reclutamiento, retenci\u00f3n de empleados y cultura corporativa. S\u00f3lo si usted aprende a relacionar los temas mencionados anteriormente, esto puede conducir a un aumento exitoso del valor de la marca de su empleador.<br \/>\nArregle una primera consulta gratuita conmigo y pres\u00e9nteme su empresa. Estar\u00eda encantado de apoyarle en el dise\u00f1o e implementaci\u00f3n de su propio concepto de marca empresarial.[\/vc_column_text][\/vc_column][vc_column width=\u00bb1\/3&#8243;][vc_single_image image=\u00bb674&#8243; img_size=\u00bbfull\u00bb el_class=\u00bbpadding-oben\u00bb][\/vc_column][\/vc_row][vc_row full_width=\u00bbstretch_row\u00bb css=\u00bb.vc_custom_1509963392350{margin-bottom: 2px !important;padding-top: 45px !important;padding-bottom: 45px !important;background-color: #f2f2f2 !important;}\u00bb el_class=\u00bbcta-wrapper\u00bb][vc_column width=\u00bb1\/2&#8243;][vc_column_text css_animation=\u00bbslideInLeft\u00bb]<span class=\"headline-h2\">\u00bfTiene preguntas o quiere concertar una cita?<\/span>[\/vc_column_text][\/vc_column][vc_column width=\u00bb1\/2&#8243;][vc_btn title=\u00bbAsesor\u00eda gratuita\u00bb shape=\u00bbsquare\u00bb size=\u00bblg\u00bb align=\u00bbcenter\u00bb css_animation=\u00bbslideInRight\u00bb el_class=\u00bbbtn-gray\u00bb link=\u00bburl:https%3A%2F%2Fwww.socaconsult.com%2Fes%2Fcontacto%2F|\u00bb][\/vc_column][\/vc_row]<\/p>\n<\/div>","protected":false},"excerpt":{"rendered":"<p>[vc_row][vc_column][\/vc_column][\/vc_row][vc_row][vc_column width=\u00bb2\/3&#8243;][vc_column_text] Contrataci\u00f3n de personal y Marca empleadora \u00bfSe pregunta c\u00f3mo puede posicionarse mejor en el mercado como empresario frente a la competencia? \u00bfQu\u00e9 medidas son necesarias para aumentar su atractividad como empresario y elevarse frente a su competencia e imponerse a ella? Elaborar\u00e9 junto con usted un concepto para el desarrollo y optimizaci\u00f3n de [&hellip;]<\/p>\n","protected":false},"author":1,"featured_media":0,"parent":0,"menu_order":0,"comment_status":"closed","ping_status":"closed","template":"","meta":{"_acf_changed":false,"inline_featured_image":false,"footnotes":""},"class_list":["post-1090","page","type-page","status-publish","hentry"],"acf":[],"_links":{"self":[{"href":"https:\/\/www.socaconsult.com\/es\/wp-json\/wp\/v2\/pages\/1090","targetHints":{"allow":["GET"]}}],"collection":[{"href":"https:\/\/www.socaconsult.com\/es\/wp-json\/wp\/v2\/pages"}],"about":[{"href":"https:\/\/www.socaconsult.com\/es\/wp-json\/wp\/v2\/types\/page"}],"author":[{"embeddable":true,"href":"https:\/\/www.socaconsult.com\/es\/wp-json\/wp\/v2\/users\/1"}],"replies":[{"embeddable":true,"href":"https:\/\/www.socaconsult.com\/es\/wp-json\/wp\/v2\/comments?post=1090"}],"version-history":[{"count":11,"href":"https:\/\/www.socaconsult.com\/es\/wp-json\/wp\/v2\/pages\/1090\/revisions"}],"predecessor-version":[{"id":1198,"href":"https:\/\/www.socaconsult.com\/es\/wp-json\/wp\/v2\/pages\/1090\/revisions\/1198"}],"wp:attachment":[{"href":"https:\/\/www.socaconsult.com\/es\/wp-json\/wp\/v2\/media?parent=1090"}],"curies":[{"name":"wp","href":"https:\/\/api.w.org\/{rel}","templated":true}]}}