{"id":1108,"date":"2018-04-13T13:42:00","date_gmt":"2018-04-13T11:42:00","guid":{"rendered":"https:\/\/www.socaconsult.com\/cursos-de-formacion\/"},"modified":"2018-04-13T14:20:51","modified_gmt":"2018-04-13T12:20:51","slug":"cursos-de-formacion","status":"publish","type":"page","link":"https:\/\/www.socaconsult.com\/es\/cursos-de-formacion\/","title":{"rendered":"Cursos de formaci\u00f3n"},"content":{"rendered":"<div class=\"wpb-content-wrapper\"><p>[vc_row][vc_column]\n\t\t\t<!-- START \u00dcber soca REVOLUTION SLIDER 6.7.18 --><p class=\"rs-p-wp-fix\"><\/p>\n\t\t\t<rs-module-wrap id=\"rev_slider_3_1_wrapper\" data-source=\"gallery\" style=\"visibility:hidden;background:transparent;padding:0;margin:0px auto;margin-top:0;margin-bottom:0;\">\n\t\t\t\t<rs-module id=\"rev_slider_3_1\" style=\"\" data-version=\"6.7.18\">\n\t\t\t\t\t<rs-slides style=\"overflow: hidden; position: absolute;\">\n\t\t\t\t\t\t<rs-slide style=\"position: absolute;\" data-key=\"rs-3\" data-title=\"Slide\" data-anim=\"adpr:false;\">\n\t\t\t\t\t\t\t<img decoding=\"async\" src=\"\/\/www.socaconsult.com\/wp-content\/plugins\/revslider\/sr6\/assets\/assets\/dummy.png\" alt=\"\" title=\"Cursos de formaci\u00f3n\" class=\"rev-slidebg tp-rs-img rs-lazyload\" data-lazyload=\"\/\/www.socaconsult.com\/wp-content\/uploads\/2017\/11\/sophie_carls_startseite.jpg\" data-no-retina>\n<!---->\t\t\t\t\t<\/rs-slide>\n\t\t\t\t\t<\/rs-slides>\n\t\t\t\t<\/rs-module>\n\t\t\t\t<script>\n\t\t\t\t\tsetREVStartSize({c: 'rev_slider_3_1',rl:[1240,1024,778,480],el:[],gw:[1240],gh:[350],type:'hero',justify:'',layout:'fullwidth',mh:\"0\"});if (window.RS_MODULES!==undefined && window.RS_MODULES.modules!==undefined && window.RS_MODULES.modules[\"revslider31\"]!==undefined) {window.RS_MODULES.modules[\"revslider31\"].once = false;window.revapi3 = undefined;if (window.RS_MODULES.checkMinimal!==undefined) window.RS_MODULES.checkMinimal()}\n\t\t\t\t<\/script>\n\t\t\t<\/rs-module-wrap>\n\t\t\t<!-- END REVOLUTION SLIDER -->\n[\/vc_column][\/vc_row][vc_row][vc_column][vc_column_text]<\/p>\n<h1><span style=\"color: #a3cc7a;\">Cursos de formaci\u00f3n<\/span><\/h1>\n<p>A trav\u00e9s de la aplicaci\u00f3n de distintos m\u00e9todos de formaci\u00f3n, unidos a un saber profesional, le preparar\u00e9 a usted y a sus trabajadores de manera \u00f3ptima en talleres y cursos de formaci\u00f3n para diversas situaciones y temas como:[\/vc_column_text][vc_column_text el_class=\u00bbmenu-list\u00bb]<\/p>\n<ul class=\"uk-list uk-list-space\">\n<li><a href=\"#international\">Desplazamiento internacional de trabajadores<\/a><\/li>\n<li><a href=\"#fuehrung\">Desarrollo del liderazgo<\/a><\/li>\n<li><a href=\"#change\">Cambios<\/a><\/li>\n<li><a href=\"#team\">Formaci\u00f3n de equipo<\/a><\/li>\n<\/ul>\n<p>[\/vc_column_text][\/vc_column][\/vc_row][vc_row el_id=\u00bbinternational\u00bb][vc_column][vc_column_text]<\/p>\n<h3><span class=\"headline-h2\">Desplazamiento internacional de trabajadores<\/span><\/h3>\n<p>En las organizaciones matrices que operan actualmente de manera global con sedes en todo el mundo no se puede ignorar el desplazamiento internacional de trabajadores.<\/p>\n<p><strong>Para trabajadores como preparaci\u00f3n para un desplazamiento:<\/strong><br \/>\n\u00bfC\u00f3mo prepara usted a sus trabajadores de manera \u00f3ptima para un desplazamiento al extranjero a largo plazo? \u00bfQu\u00e9 aspectos hay que tener presentes aqu\u00ed? Concebir\u00e9 talleres dise\u00f1ados especialmente para sus trabajadores \/ grupos de trabajadores, as\u00ed como cursos de formaci\u00f3n para la \u00f3ptima preparaci\u00f3n para un desplazamiento al extranjero.<\/p>\n<p><strong>Para directivos \/ responsables de personal en casos de trabajadores que se desplazan:<\/strong><br \/>\nPara que los directivos y los responsables de personal se puedan preparar de manera \u00f3ptima para una estancia en el extranjero es elemental que conozcan la situaci\u00f3n b\u00e1sica del derecho laboral, de la seguridad social y del derecho fiscal. S\u00f3lo as\u00ed puede el directivo del proyecto \u00abdesplazamiento al extranjero\u00bb convencer y entusiasmar a los trabajadores. Concebir\u00e9 para usted como empresario, directivo o responsable de personal un taller adecuado a usted y a su situaci\u00f3n empresarial que le preparar\u00e1 de manera \u00f3ptima para el proyecto \u00abdesplazamiento al extranjero de un trabajador\u00bb.[\/vc_column_text][\/vc_column][\/vc_row][vc_row el_id=\u00bbfuehrung\u00bb][vc_column][vc_column_text]<\/p>\n<h3><span class=\"headline-h2\">Desarrollo del liderazgo<\/span><\/h3>\n<p>Los responsables de liderazgo est\u00e1n sujetos a muchas exigencias. Adem\u00e1s de una competencia profesional excelente, usted tiene que poseer una serie de capacidades de liderazgo. Se espera que los directivos sirvan de modelo en relaci\u00f3n con las metas y el comportamiento para los propios trabajadores, as\u00ed como que ofrezcan tambi\u00e9n orientaci\u00f3n.<\/p>\n<p><strong>\u00bfC\u00f3mo est\u00e1n sus directivos en su empresa?<\/strong><br \/>\n\u00bfPoseen las competencias de liderazgo necesarias y dirigen con \u00e9xito a sus equipos \/ trabajadores? \u00bfAct\u00faan como modelos y dan a sus equipos el sentido de la marcha?<\/p>\n<p>Le ayudar\u00e9 en la formaci\u00f3n de sus directivos y dise\u00f1ar\u00e9 para usted y su equipo directivo cursos de formaci\u00f3n y talleres especialmente dirigidos a sus necesidades.[\/vc_column_text][\/vc_column][\/vc_row][vc_row full_width=\u00bbstretch_row\u00bb css=\u00bb.vc_custom_1509963597584{margin-bottom: 60px !important;padding-top: 45px !important;padding-bottom: 45px !important;background-color: #f2f2f2 !important;}\u00bb el_class=\u00bbcta-wrapper\u00bb][vc_column width=\u00bb1\/2&#8243;][vc_column_text]<span class=\"headline-h2\">\u00bfTiene preguntas o quiere concertar una cita?<\/span>[\/vc_column_text][\/vc_column][vc_column width=\u00bb1\/2&#8243;][vc_btn title=\u00bbAsesor\u00eda gratuita\u00bb shape=\u00bbsquare\u00bb size=\u00bblg\u00bb align=\u00bbcenter\u00bb css_animation=\u00bbslideInRight\u00bb el_class=\u00bbbtn-gray\u00bb link=\u00bburl:https%3A%2F%2Fwww.socaconsult.com%2Fes%2Fcontacto%2F|\u00bb][\/vc_column][\/vc_row][vc_row el_id=\u00bbchange\u00bb][vc_column][vc_column_text]<\/p>\n<h3><span class=\"headline-h2\">Cambios<\/span><\/h3>\n<p><strong>\u00bfSe encuentra ante una reestructuraci\u00f3n organizativa de su empresa?<br \/>\n\u00bfEl cambio digital est\u00e1 inmediatamente ante la puerta con la introducci\u00f3n de procesos de trabajos digitales?<\/strong><br \/>\nEn un gran n\u00famero de trabajadores las palabras \u00abmodificaci\u00f3n\u00bb o \u00abcambio\u00bb provocan enseguida miedo e inseguridad. Aqu\u00ed hay que tomar de la mano de manera h\u00e1bil a sus trabajadores y entrar junto con ellos en el camino de la modificaci\u00f3n. Gu\u00ede a su bien m\u00e1s preciado, sus trabajadores, amable y prudentemente a trav\u00e9s de cada tipo de modificaci\u00f3n en su empresa. Le ayudar\u00e9 en ello y estar\u00e9 a su lado como socia para la concepci\u00f3n de talleres, en los cuales junto con usted abordar\u00e9 el tema del cambio para su departamento de personal y sus trabajadores y prepar\u00e9 c\u00f3mo tratar con las distintas modificaciones empresariales.[\/vc_column_text][\/vc_column][\/vc_row][vc_row el_id=\u00bbteam\u00bb][vc_column][vc_column_text]<\/p>\n<h3><span class=\"headline-h2\">Formaci\u00f3n de equipo<\/span><\/h3>\n<p><strong>\u00bfTiene la sensaci\u00f3n de que falta en los equipos de sus trabajadores motivaci\u00f3n, cohesi\u00f3n y eficiencia?<\/strong><\/p>\n<p>En una asesor\u00eda gratuita puede dibujar su situaci\u00f3n y organizaremos conjuntamente los primeros enfoques para la concepci\u00f3n de un curso de formaci\u00f3n de equipos en su empresa.<br \/>\n\u00abA sus puestos, listos, ya&#8230;\u00bb<br \/>\nUnir\u00e9 los talleres y los cursos de formaci\u00f3n para la constituci\u00f3n de equipos con la aplicaci\u00f3n del deporte. Como entusiasta deportista de resistencia y entrenadora licenciada, me alegrar\u00e9 de poder desafiar deportivamente a sus trabajadores como equipo en la conclusi\u00f3n al final de un taller. Ya sea un entrenamiento circular conjunto, una carrera conjunta de 10 kil\u00f3metros por el bosque, un partido de voleibol playa u otra actividad deportiva. D\u00e9jese sorprender de lo que se me ocurra como final culminante. Esta actividad deportiva se puede reservar de manera alternativa como atractivo deportivo.[\/vc_column_text][\/vc_column][\/vc_row]<\/p>\n<\/div>","protected":false},"excerpt":{"rendered":"<p>[vc_row][vc_column][\/vc_column][\/vc_row][vc_row][vc_column][vc_column_text] Cursos de formaci\u00f3n A trav\u00e9s de la aplicaci\u00f3n de distintos m\u00e9todos de formaci\u00f3n, unidos a un saber profesional, le preparar\u00e9 a usted y a sus trabajadores de manera \u00f3ptima en talleres y cursos de formaci\u00f3n para diversas situaciones y temas como:[\/vc_column_text][vc_column_text el_class=\u00bbmenu-list\u00bb] Desplazamiento internacional de trabajadores Desarrollo del liderazgo Cambios Formaci\u00f3n de equipo [\/vc_column_text][\/vc_column][\/vc_row][vc_row [&hellip;]<\/p>\n","protected":false},"author":1,"featured_media":0,"parent":0,"menu_order":0,"comment_status":"closed","ping_status":"closed","template":"","meta":{"_acf_changed":false,"inline_featured_image":false,"footnotes":""},"class_list":["post-1108","page","type-page","status-publish","hentry"],"acf":[],"_links":{"self":[{"href":"https:\/\/www.socaconsult.com\/es\/wp-json\/wp\/v2\/pages\/1108","targetHints":{"allow":["GET"]}}],"collection":[{"href":"https:\/\/www.socaconsult.com\/es\/wp-json\/wp\/v2\/pages"}],"about":[{"href":"https:\/\/www.socaconsult.com\/es\/wp-json\/wp\/v2\/types\/page"}],"author":[{"embeddable":true,"href":"https:\/\/www.socaconsult.com\/es\/wp-json\/wp\/v2\/users\/1"}],"replies":[{"embeddable":true,"href":"https:\/\/www.socaconsult.com\/es\/wp-json\/wp\/v2\/comments?post=1108"}],"version-history":[{"count":10,"href":"https:\/\/www.socaconsult.com\/es\/wp-json\/wp\/v2\/pages\/1108\/revisions"}],"predecessor-version":[{"id":1143,"href":"https:\/\/www.socaconsult.com\/es\/wp-json\/wp\/v2\/pages\/1108\/revisions\/1143"}],"wp:attachment":[{"href":"https:\/\/www.socaconsult.com\/es\/wp-json\/wp\/v2\/media?parent=1108"}],"curies":[{"name":"wp","href":"https:\/\/api.w.org\/{rel}","templated":true}]}}