{"id":1124,"date":"2018-04-13T13:56:31","date_gmt":"2018-04-13T11:56:31","guid":{"rendered":"https:\/\/www.socaconsult.com\/acerca-de-mi\/"},"modified":"2022-12-03T19:48:34","modified_gmt":"2022-12-03T18:48:34","slug":"sobre-socaconsult","status":"publish","type":"page","link":"https:\/\/www.socaconsult.com\/es\/sobre-socaconsult\/","title":{"rendered":"Sobre SOCACONSULT"},"content":{"rendered":"<div class=\"wpb-content-wrapper\"><p>[vc_row][vc_column]\n\t\t\t<!-- START \u00dcber soca REVOLUTION SLIDER 6.7.18 --><p class=\"rs-p-wp-fix\"><\/p>\n\t\t\t<rs-module-wrap id=\"rev_slider_3_1_wrapper\" data-source=\"gallery\" style=\"visibility:hidden;background:transparent;padding:0;margin:0px auto;margin-top:0;margin-bottom:0;\">\n\t\t\t\t<rs-module id=\"rev_slider_3_1\" style=\"\" data-version=\"6.7.18\">\n\t\t\t\t\t<rs-slides style=\"overflow: hidden; position: absolute;\">\n\t\t\t\t\t\t<rs-slide style=\"position: absolute;\" data-key=\"rs-3\" data-title=\"Slide\" data-anim=\"adpr:false;\">\n\t\t\t\t\t\t\t<img decoding=\"async\" src=\"\/\/www.socaconsult.com\/wp-content\/plugins\/revslider\/sr6\/assets\/assets\/dummy.png\" alt=\"\" title=\"Sobre SOCACONSULT\" class=\"rev-slidebg tp-rs-img rs-lazyload\" data-lazyload=\"\/\/www.socaconsult.com\/wp-content\/uploads\/2017\/11\/sophie_carls_startseite.jpg\" data-no-retina>\n<!---->\t\t\t\t\t<\/rs-slide>\n\t\t\t\t\t<\/rs-slides>\n\t\t\t\t<\/rs-module>\n\t\t\t\t<script>\n\t\t\t\t\tsetREVStartSize({c: 'rev_slider_3_1',rl:[1240,1024,778,480],el:[],gw:[1240],gh:[350],type:'hero',justify:'',layout:'fullwidth',mh:\"0\"});if (window.RS_MODULES!==undefined && window.RS_MODULES.modules!==undefined && window.RS_MODULES.modules[\"revslider31\"]!==undefined) {window.RS_MODULES.modules[\"revslider31\"].once = false;window.revapi3 = undefined;if (window.RS_MODULES.checkMinimal!==undefined) window.RS_MODULES.checkMinimal()}\n\t\t\t\t<\/script>\n\t\t\t<\/rs-module-wrap>\n\t\t\t<!-- END REVOLUTION SLIDER -->\n[\/vc_column][\/vc_row][vc_row][vc_column][vc_column_text]<\/p>\n<h1><span style=\"color: #a3cc7a;\">Sobre SOCACONSULT<\/span><\/h1>\n<p>[\/vc_column_text][\/vc_column][\/vc_row][vc_row][vc_column width=\u00bb1\/4&#8243;][vc_single_image image=\u00bb676&#8243; img_size=\u00bbfull\u00bb alignment=\u00bbcenter\u00bb css=\u00bb.vc_custom_1510232447708{padding-bottom: 20px !important;}\u00bb][\/vc_column][vc_column width=\u00bb3\/4&#8243;][vc_column_text]Nacida en Berl\u00edn, he crecido posteriormente en diversos pa\u00edses de manera multiling\u00fce. Mi infancia y juventud estuvieron marcadas por un cambio constante de las propias circunstancias vitales, as\u00ed como por retos interculturales.<\/p>\n<p>Estudi\u00e9 Derecho en W\u00fcrzburg, as\u00ed como en Hamburgo y descubr\u00ed mi entusiasmo por el derecho laboral.<\/p>\n<p>Tras mi formaci\u00f3n jur\u00eddica, entr\u00e9 en el \u00e1rea de personal y dirig\u00ed en los primeros a\u00f1os como generalista de RR.HH. para grupos empresariales alemanes el departamento de personal de sus filiales europeas en Espa\u00f1a, Francia, Italia e Inglaterra.[\/vc_column_text][\/vc_column][\/vc_row][vc_row full_width=\u00bbstretch_row\u00bb css=\u00bb.vc_custom_1509963794676{margin-bottom: 60px !important;padding-top: 45px !important;padding-bottom: 45px !important;background-color: #f2f2f2 !important;}\u00bb el_class=\u00bbcta-wrapper\u00bb][vc_column width=\u00bb1\/2&#8243;][vc_column_text css_animation=\u00bbslideInLeft\u00bb]<span class=\"headline-h2\">\u00bfTiene preguntas o quiere concertar una cita?<\/span>[\/vc_column_text][\/vc_column][vc_column width=\u00bb1\/2&#8243;][vc_btn title=\u00bbAsesor\u00eda gratuita\u00bb shape=\u00bbsquare\u00bb size=\u00bblg\u00bb align=\u00bbcenter\u00bb css_animation=\u00bbslideInRight\u00bb el_class=\u00bbbtn-gray\u00bb link=\u00bburl:https%3A%2F%2Fwww.socaconsult.com%2Fes%2Fcontacto%2F|\u00bb][\/vc_column][\/vc_row][vc_row][vc_column width=\u00bb1\/2&#8243;][vc_column_text]Despu\u00e9s constru\u00ed para otros grandes grupos empresariales europeos el \u00e1rea de personal en sus filiales alemanas y profundic\u00e9 en las distintas fases en los \u00e1mbitos de desarrollo de RR.HH., movilidad global, reclutamiento, marca del empleador y retenci\u00f3n de empleados.<\/p>\n<p>De manera paralela, he acompa\u00f1ado a diversas empresas en los procesos de cambio o en las fases de transformaci\u00f3n digital.<\/p>\n<p>Asimismo, tuve la posibilidad de implementar una gesti\u00f3n de cumplimiento en colaboraci\u00f3n con un grupo empresarial extranjero en sus filiales locales alemanas.<\/p>\n<p>Mi enfoque de consultor\u00eda incluye el apoyo a empresas en fases de transformaci\u00f3n, causadas por la digitalizaci\u00f3n, globalizaci\u00f3n o reestructuraci\u00f3n organizacional interna dentro de la propia empresa.<\/p>\n<p>Adem\u00e1s, con SOCASPORTS (www.socasports.com), presto asesoramiento conceptual a organizaciones y empresas en el \u00e1mbito de la gesti\u00f3n de la salud laboral. Adem\u00e1s, SOCASPORTS ofrece una peque\u00f1a selecci\u00f3n de alternativas deportivas para empresas y cursos de yoga.<\/p>\n<p>Adem\u00e1s, asumo regularmente tareas docentes semestrales como profesor independiente en varias universidades en las \u00e1reas de gesti\u00f3n de la salud corporativa, econom\u00eda digital, econom\u00eda e interculturalidad.<\/p>\n<p>Entre mis grandes pasiones privadas hay que mencionar viajar, aprender nuevos idiomas, el arte y el deporte de resistencia. Algunos elementos de estos intereses los utilizo en mi actividad asesora. D\u00e9jese sorprender.[\/vc_column_text][\/vc_column][vc_column width=\u00bb1\/2&#8243;][vc_single_image image=\u00bb139&#8243; img_size=\u00bbfull\u00bb alignment=\u00bbcenter\u00bb el_class=\u00bbpadding-oben\u00bb][\/vc_column][\/vc_row]<\/p>\n<\/div>","protected":false},"excerpt":{"rendered":"<p>[vc_row][vc_column][\/vc_column][\/vc_row][vc_row][vc_column][vc_column_text] Sobre SOCACONSULT [\/vc_column_text][\/vc_column][\/vc_row][vc_row][vc_column width=\u00bb1\/4&#8243;][vc_single_image image=\u00bb676&#8243; img_size=\u00bbfull\u00bb alignment=\u00bbcenter\u00bb css=\u00bb.vc_custom_1510232447708{padding-bottom: 20px !important;}\u00bb][\/vc_column][vc_column width=\u00bb3\/4&#8243;][vc_column_text]Nacida en Berl\u00edn, he crecido posteriormente en diversos pa\u00edses de manera multiling\u00fce. Mi infancia y juventud estuvieron marcadas por un cambio constante de las propias circunstancias vitales, as\u00ed como por retos interculturales. Estudi\u00e9 Derecho en W\u00fcrzburg, as\u00ed como en Hamburgo y descubr\u00ed mi entusiasmo [&hellip;]<\/p>\n","protected":false},"author":1,"featured_media":0,"parent":0,"menu_order":0,"comment_status":"closed","ping_status":"closed","template":"","meta":{"_acf_changed":false,"inline_featured_image":false,"footnotes":""},"class_list":["post-1124","page","type-page","status-publish","hentry"],"acf":[],"_links":{"self":[{"href":"https:\/\/www.socaconsult.com\/es\/wp-json\/wp\/v2\/pages\/1124","targetHints":{"allow":["GET"]}}],"collection":[{"href":"https:\/\/www.socaconsult.com\/es\/wp-json\/wp\/v2\/pages"}],"about":[{"href":"https:\/\/www.socaconsult.com\/es\/wp-json\/wp\/v2\/types\/page"}],"author":[{"embeddable":true,"href":"https:\/\/www.socaconsult.com\/es\/wp-json\/wp\/v2\/users\/1"}],"replies":[{"embeddable":true,"href":"https:\/\/www.socaconsult.com\/es\/wp-json\/wp\/v2\/comments?post=1124"}],"version-history":[{"count":19,"href":"https:\/\/www.socaconsult.com\/es\/wp-json\/wp\/v2\/pages\/1124\/revisions"}],"predecessor-version":[{"id":1638,"href":"https:\/\/www.socaconsult.com\/es\/wp-json\/wp\/v2\/pages\/1124\/revisions\/1638"}],"wp:attachment":[{"href":"https:\/\/www.socaconsult.com\/es\/wp-json\/wp\/v2\/media?parent=1124"}],"curies":[{"name":"wp","href":"https:\/\/api.w.org\/{rel}","templated":true}]}}