{"id":1139,"date":"2018-04-13T14:20:51","date_gmt":"2018-04-13T12:20:51","guid":{"rendered":"https:\/\/www.socaconsult.com\/proteccion-de-datos\/"},"modified":"2025-03-15T17:37:05","modified_gmt":"2025-03-15T16:37:05","slug":"proteccion-de-datos","status":"publish","type":"page","link":"https:\/\/www.socaconsult.com\/es\/proteccion-de-datos\/","title":{"rendered":"Protecci\u00f3n de datos"},"content":{"rendered":"<div class=\"wpb-content-wrapper\"><p>[vc_row][vc_column]\n\t\t\t<!-- START \u00dcber soca REVOLUTION SLIDER 6.7.18 --><p class=\"rs-p-wp-fix\"><\/p>\n\t\t\t<rs-module-wrap id=\"rev_slider_3_1_wrapper\" data-source=\"gallery\" style=\"visibility:hidden;background:transparent;padding:0;margin:0px auto;margin-top:0;margin-bottom:0;\">\n\t\t\t\t<rs-module id=\"rev_slider_3_1\" style=\"\" data-version=\"6.7.18\">\n\t\t\t\t\t<rs-slides style=\"overflow: hidden; position: absolute;\">\n\t\t\t\t\t\t<rs-slide style=\"position: absolute;\" data-key=\"rs-3\" data-title=\"Slide\" data-anim=\"adpr:false;\">\n\t\t\t\t\t\t\t<img decoding=\"async\" src=\"\/\/www.socaconsult.com\/wp-content\/plugins\/revslider\/sr6\/assets\/assets\/dummy.png\" alt=\"\" title=\"Protecci\u00f3n de datos\" class=\"rev-slidebg tp-rs-img rs-lazyload\" data-lazyload=\"\/\/www.socaconsult.com\/wp-content\/uploads\/2017\/11\/sophie_carls_startseite.jpg\" data-no-retina>\n<!---->\t\t\t\t\t<\/rs-slide>\n\t\t\t\t\t<\/rs-slides>\n\t\t\t\t<\/rs-module>\n\t\t\t\t<script>\n\t\t\t\t\tsetREVStartSize({c: 'rev_slider_3_1',rl:[1240,1024,778,480],el:[],gw:[1240],gh:[350],type:'hero',justify:'',layout:'fullwidth',mh:\"0\"});if (window.RS_MODULES!==undefined && window.RS_MODULES.modules!==undefined && window.RS_MODULES.modules[\"revslider31\"]!==undefined) {window.RS_MODULES.modules[\"revslider31\"].once = false;window.revapi3 = undefined;if (window.RS_MODULES.checkMinimal!==undefined) window.RS_MODULES.checkMinimal()}\n\t\t\t\t<\/script>\n\t\t\t<\/rs-module-wrap>\n\t\t\t<!-- END REVOLUTION SLIDER -->\n[\/vc_column][\/vc_row][vc_row][vc_column][vc_column_text]<\/p>\n<h1 style=\"text-align: left;\">Pol\u00edtica de protecci\u00f3n de datos<\/h1>\n<p>[\/vc_column_text][\/vc_column][\/vc_row][vc_row][vc_column][vc_column_text css=\u00bb\u00bb]<strong>1. organismo responsable<\/strong><\/p>\n<p>El responsable del tratamiento de conformidad con el Art. 4 (7) del Reglamento General de Protecci\u00f3n de Datos de la UE (GDPR) es<\/p>\n<p>SOCA BUSINESS CONSULTING GmbH &amp; Co.KG<\/p>\n<p>Brandenburgerstr. 18<\/p>\n<p>14822 Br\u00fcck<\/p>\n<p>Tel\u00e9fono: 0176-32445228<\/p>\n<p>Correo electr\u00f3nico: info@socaconsult.com<\/p>\n<p><strong>2. informaci\u00f3n sobre la recogida y almacenamiento de datos personales<\/strong><\/p>\n<p><strong>a)<\/strong> Datos de acceso y archivos de registro<\/p>\n<p>Sobre la base de nuestros intereses leg\u00edtimos de conformidad con el Art. 6 p\u00e1rrafo 1 lit. f. GDPR, recopilamos datos sobre cada acceso al servidor en el que se encuentra este servicio (los denominados archivos de registro del servidor). Esta informaci\u00f3n se almacena temporalmente en un archivo de registro. Los datos de acceso incluyen la direcci\u00f3n IP del ordenador solicitante, la fecha y hora del acceso, el nombre y la URL del archivo al que se ha accedido, el sitio web desde el que se ha accedido (URL de referencia), el navegador utilizado y, si procede, el sistema operativo de su ordenador y el nombre de su proveedor de acceso. La informaci\u00f3n de los archivos de registro se almacena por motivos de seguridad y para garantizar la funcionalidad de nuestro sitio web durante un m\u00e1ximo de siete d\u00edas y, a continuaci\u00f3n, se elimina. Los datos cuyo almacenamiento posterior sea necesario a efectos probatorios quedan excluidos de la supresi\u00f3n hasta que se haya aclarado definitivamente el incidente correspondiente.<\/p>\n<p><strong>b)<\/strong> Adem\u00e1s de los datos mencionados anteriormente, se almacenan en su ordenador cookies t\u00e9cnicamente necesarias y, opcionalmente, cookies t\u00e9cnicamente innecesarias si usted da su consentimiento. Las cookies son peque\u00f1os archivos de texto que se asignan al navegador que est\u00e1 utilizando en su disco duro y a trav\u00e9s de los cuales fluye determinada informaci\u00f3n a la ubicaci\u00f3n que establece la cookie. Se utilizan para que el sitio web sea m\u00e1s f\u00e1cil de usar y m\u00e1s eficaz en general.<\/p>\n<p><strong>c)<\/strong> En algunos casos, utilizamos proveedores de servicios externos para procesar sus datos. \u00c9stos han sido cuidadosamente seleccionados y encargados por nosotros, est\u00e1n sujetos a nuestras instrucciones y son supervisados peri\u00f3dicamente.<\/p>\n<p><strong>d)<\/strong> Si nuestros proveedores de servicios o socios tienen su sede en un pa\u00eds fuera de la Uni\u00f3n Europea (UE) o del Espacio Econ\u00f3mico Europeo (EEE), le informaremos de las consecuencias de esta circunstancia en el punto correspondiente de esta pol\u00edtica de privacidad.<\/p>\n<p><strong>e)<\/strong> C\u00f3mo ponerse en contacto con nosotros<\/p>\n<p>Para preguntas de cualquier tipo, le ofrecemos la posibilidad de ponerse en contacto con nosotros por correo electr\u00f3nico o a trav\u00e9s de un formulario disponible en el sitio web. Es necesario facilitar una direcci\u00f3n de correo electr\u00f3nico v\u00e1lida, su nombre y el contenido de su mensaje para que sepamos qui\u00e9n ha enviado la consulta y podamos responder a ella. Otros datos (por ejemplo, el n\u00famero de tel\u00e9fono) pueden facilitarse voluntariamente. El tratamiento de datos con el fin de ponernos en contacto con usted se lleva a cabo sobre la base de su consentimiento expreso y voluntario o como parte de medidas precontractuales (art. 6, apartado 1, letras a) y b) del RGPD).\u00a0 Eliminamos los datos que surgen en este contexto una vez que el almacenamiento ya no es necesario o restringimos el procesamiento si existen obligaciones legales de retenci\u00f3n.<\/p>\n<p><strong>3. cloudflare<\/strong><\/p>\n<p>Utilizamos la Content Delivery Network (CDN) de Cloudflare Inc (101 Townsend St., San Francisco, CA 94107, USA) (Cloudflare) para aumentar la seguridad y la velocidad de entrega de nuestro sitio web. Esto corresponde a nuestro inter\u00e9s leg\u00edtimo (Art. 6 p\u00e1rrafo 1 lit. f GDPR). Una CDN es una red de servidores distribuidos [globalmente] que es capaz de entregar contenido optimizado al usuario del sitio web. Con este fin, Cloudflare puede procesar datos personales en archivos de registro del servidor.<\/p>\n<p>Usted tiene derecho a oponerse a este tratamiento. El \u00e9xito de la oposici\u00f3n debe determinarse en el marco de una ponderaci\u00f3n de intereses.<\/p>\n<p>Los datos se procesan para mantener la seguridad y funcionalidad de la CDN y para optimizar nuestros tiempos de carga. El uso de cookies por parte de Cloudflare se realiza por motivos de seguridad para garantizar la fiabilidad de un dispositivo final y es absolutamente necesario para la funci\u00f3n de seguridad.<\/p>\n<p>Cloudflare s\u00f3lo conserva los registros de datos durante el tiempo necesario y, en la mayor\u00eda de los casos, estos datos se eliminan en un plazo de 24 horas.Sin embargo, hay informaci\u00f3n que Cloudflare conserva indefinidamente como parte de sus registros permanentes con el fin de mejorar el rendimiento general de Cloudflare.No obstante, estos datos no son personales y Cloudflare los anonimiza.<\/p>\n<p>Hemos celebrado un contrato de procesamiento de pedidos con Cloudflare.Cloudflare tambi\u00e9n es un participante certificado en el Marco del Escudo de Privacidad UE-EE.UU.. Cloudflare se ha comprometido a tratar todos los datos personales recibidos de los estados miembros de la Uni\u00f3n Europea (UE) de acuerdo con el \u00abPrivacy Shield Framework\u00bb.<\/p>\n<p>Puede encontrar m\u00e1s informaci\u00f3n sobre seguridad y protecci\u00f3n de datos en Cloudflare aqu\u00ed: <a href=\"https:\/\/www.cloudflare.com\/privacypolicy\/\">https:\/\/www.cloudflare.com\/privacypolicy\/<\/a>.<\/p>\n<p><strong>4. divulgaci\u00f3n de datos y transferencia a terceros pa\u00edses<\/strong><\/p>\n<p>a) Los datos s\u00f3lo se transmiten a terceros en el marco de los requisitos legales. S\u00f3lo transmitimos los datos de los usuarios a terceros si es necesario, por ejemplo, sobre la base del Art. 6 p\u00e1rr. 1 lit. b) GDPR para fines contractuales o sobre la base de intereses leg\u00edtimos de conformidad con el Art. 6 p\u00e1rr. 1 lit. f. GDPR en el funcionamiento econ\u00f3mico y eficaz de nuestras operaciones comerciales. Si encargamos a terceros la prestaci\u00f3n de nuestros servicios, tomamos las precauciones legales adecuadas y las medidas t\u00e9cnicas y organizativas apropiadas para garantizar la protecci\u00f3n de los datos personales de conformidad con las disposiciones legales pertinentes. Con este fin, hemos celebrado contratos de tratamiento de datos de pedidos con estos proveedores de conformidad con el art\u00edculo 28 del RGPD, que garantizan que el tratamiento de datos se lleva a cabo de manera admisible.<\/p>\n<p>b) Si se utilizan contenidos, herramientas u otros medios de otros proveedores (en lo sucesivo denominados conjuntamente \u00abterceros proveedores\u00bb) en el \u00e1mbito de esta pol\u00edtica de privacidad y su domicilio social se encuentra en un tercer pa\u00eds, se entender\u00e1 que los datos se transfieren a los pa\u00edses en los que tienen su sede los terceros proveedores. Los terceros pa\u00edses son pa\u00edses en los que el GDPR no es directamente aplicable, es decir, pa\u00edses fuera de la UE o del Espacio Econ\u00f3mico Europeo. La transferencia de datos a terceros pa\u00edses tiene lugar en las condiciones del Art. 44 y ss. GDPR.<\/p>\n<p>La Uni\u00f3n Europea certifica que algunos terceros pa\u00edses tienen un nivel de protecci\u00f3n de datos comparable a la norma del EEE mediante las llamadas decisiones de adecuaci\u00f3n. En otros terceros pa\u00edses a los que se pueden transferir datos personales, sin embargo, puede que no exista un nivel de protecci\u00f3n de datos sistem\u00e1ticamente elevado debido a la falta de disposiciones legales. Si este es el caso, nos aseguramos de que la protecci\u00f3n de datos est\u00e9 adecuadamente garantizada. Esto es posible a trav\u00e9s de normas corporativas vinculantes, cl\u00e1usulas contractuales tipo de la Comisi\u00f3n Europea para la protecci\u00f3n de datos personales de conformidad con el art. 46 p\u00e1rr. 1, 2 lit. c GDPR, certificados o c\u00f3digos de conducta reconocidos.<\/p>\n<p><strong>5. enlaces<\/strong><\/p>\n<p><strong>a)<\/strong> Utilizamos enlaces a contenidos de sitios web de otros operadores de sitios web.<\/p>\n<p><strong>b)<\/strong> No tenemos influencia alguna sobre los datos all\u00ed recogidos ni sobre los procedimientos de tratamiento de datos, ni conocemos el alcance total de la recogida de datos, la finalidad del tratamiento o los periodos de conservaci\u00f3n.<\/p>\n<p><strong>c)<\/strong> Tampoco tenemos informaci\u00f3n sobre la supresi\u00f3n de los datos recogidos por el proveedor vinculado. En este sentido, no somos responsables, en virtud de la legislaci\u00f3n sobre protecci\u00f3n de datos, del tratamiento de datos en el sitio web enlazado.<\/p>\n<p><strong>d)<\/strong> Encontrar\u00e1 m\u00e1s informaci\u00f3n sobre la finalidad y el alcance de la recopilaci\u00f3n y el tratamiento de datos por parte del operador del sitio web en las declaraciones de protecci\u00f3n de datos de los respectivos sitios web. All\u00ed tambi\u00e9n encontrar\u00e1 m\u00e1s informaci\u00f3n sobre sus derechos a este respecto y las opciones de configuraci\u00f3n para proteger su privacidad.<\/p>\n<p><strong>6. supresi\u00f3n de datos<\/strong><\/p>\n<p>Los datos almacenados por nosotros se suprimir\u00e1n tan pronto como ya no sean necesarios para los fines previstos y la supresi\u00f3n no entre en conflicto con ninguna obligaci\u00f3n legal de conservaci\u00f3n.<\/p>\n<p>Sus datos tambi\u00e9n se suprimir\u00e1n si el tratamiento se bas\u00f3 en su consentimiento y usted ha retirado este consentimiento.<\/p>\n<p>Si los datos del usuario no se suprimen porque son necesarios para otros fines legalmente permitidos, se restringir\u00e1 su tratamiento. Esto significa que los datos se bloquear\u00e1n y no se tratar\u00e1n para otros fines. Esto se aplica, por ejemplo, a los datos del usuario que deben conservarse por motivos comerciales o de legislaci\u00f3n fiscal.<\/p>\n<p><strong>7. documentos de solicitud<\/strong><\/p>\n<p><strong>a)<\/strong> Puede enviarnos los documentos de solicitud por correo electr\u00f3nico o postal.<\/p>\n<p><strong>b)<\/strong> Sus datos necesarios para establecer contacto y el proceso de solicitud se almacenar\u00e1n con el fin de llevar a cabo un procedimiento de solicitud de conformidad con las disposiciones legales. La base jur\u00eddica para ello es el art. 6 p\u00e1rr. 1 lit. b) GDPR y el art. 26 p\u00e1rr. 1 en relaci\u00f3n con. p\u00e1rr. 8 frase 2 BDSG (aplicaci\u00f3n de medidas precontractuales).<\/p>\n<p><strong>c)<\/strong> Los siguientes datos pueden ser procesados por nosotros en el proceso de solicitud<\/p>\n<p>&#8211; Datos maestros (t\u00edtulo, nombre, apellidos, fecha de nacimiento si procede)<\/p>\n<p>&#8211; Datos de contacto (direcci\u00f3n, n\u00famero de tel\u00e9fono fijo o m\u00f3vil, direcci\u00f3n privada de correo electr\u00f3nico)<\/p>\n<p>&#8211; Datos de la solicitud (por ejemplo, foto de perfil y otros documentos como CV, carta de presentaci\u00f3n, solicitud completa, certificados).<\/p>\n<p><strong>d)<\/strong> En caso de contrataci\u00f3n, los datos se transferir\u00e1n al fichero de personal. Encontrar\u00e1 informaci\u00f3n sobre el periodo de almacenamiento en la informaci\u00f3n sobre el tratamiento de datos personales de nuestros empleados.<\/p>\n<p><strong>e)<\/strong> Si una solicitud para una vacante espec\u00edfica no es aceptada, sus datos se almacenar\u00e1n a efectos de prueba durante un m\u00e1ximo de 6 meses tras la finalizaci\u00f3n del proceso de solicitud para la posible afirmaci\u00f3n, ejercicio o defensa de reclamaciones legales.<\/p>\n<p><strong>f)<\/strong> Con su consentimiento, estaremos encantados de incluir su solicitud en nuestra reserva de candidatos hasta que retire su consentimiento. Almacenamos las solicitudes no solicitadas para la b\u00fasqueda de un puesto adecuado para usted hasta que las revoque.<\/p>\n<p><strong>g)<\/strong> El suministro de datos no es obligatorio por ley ni por contrato. Usted no est\u00e1 obligado a facilitar los datos. Sin embargo, si no facilita los datos, no ser\u00e1 posible llevar a cabo un procedimiento de solicitud y, en su caso, de contrataci\u00f3n.<\/p>\n<p><strong>8. derechos de los interesados<\/strong><\/p>\n<p>a) Usted tiene los siguientes derechos frente a nosotros en relaci\u00f3n con sus datos personales:<\/p>\n<p>&#8211; Derecho de acceso,<\/p>\n<p>&#8211; Derecho de rectificaci\u00f3n o supresi\u00f3n,<\/p>\n<p>&#8211; Derecho a la limitaci\u00f3n del tratamiento,<\/p>\n<p>&#8211; Derecho de oposici\u00f3n al tratamiento,<\/p>\n<p>&#8211; Revocaci\u00f3n de un consentimiento dado,<\/p>\n<p>&#8211; Derecho a la portabilidad de los datos.<\/p>\n<p><strong>b)<\/strong> Tambi\u00e9n tiene derecho a presentar una reclamaci\u00f3n ante una autoridad de control de protecci\u00f3n de datos sobre el tratamiento de sus datos personales por nuestra parte.<\/p>\n<p><strong>9. revocaci\u00f3n u oposici\u00f3n al tratamiento de sus datos<\/strong><\/p>\n<p><strong>a)<\/strong> Si ha dado su consentimiento al tratamiento de sus datos, puede revocarlo en cualquier momento. Dicha revocaci\u00f3n afecta a la licitud del tratamiento de sus datos personales despu\u00e9s de hab\u00e9rnoslo dado.<\/p>\n<p><strong>b)<\/strong> Si sus datos personales se procesan sobre la base de intereses leg\u00edtimos de conformidad con el art\u00edculo 6, apartado 1, frase 1, letra f) del RGPD, tiene derecho a oponerse al procesamiento de sus datos personales de conformidad con el art\u00edculo 21 del RGPD, siempre que existan razones para ello derivadas de su situaci\u00f3n particular o la objeci\u00f3n se dirija contra la publicidad directa. En este \u00faltimo caso, usted tiene un derecho general de oposici\u00f3n, que ser\u00e1 aplicado por nosotros sin especificar una situaci\u00f3n particular. Si desea ejercer su derecho de cancelaci\u00f3n u objeci\u00f3n, simplemente env\u00ede un correo electr\u00f3nico a nuestra direcci\u00f3n de correo electr\u00f3nico arriba indicada.<\/p>\n<p><strong>10. seguridad de los datos<\/strong><\/p>\n<p>Cuando visita nuestro sitio web, utilizamos el m\u00e9todo SSL (Secure Socket Layer) generalizado junto con el nivel m\u00e1s alto de encriptaci\u00f3n soportado por su navegador. Puede reconocer si una p\u00e1gina concreta de nuestro sitio web se transmite de forma encriptada por la visualizaci\u00f3n cerrada del s\u00edmbolo de la llave o del candado en la barra de estado inferior de su navegador. Tambi\u00e9n utilizamos medidas de seguridad t\u00e9cnicas y organizativas adecuadas para proteger sus datos contra la manipulaci\u00f3n accidental o intencionada, la p\u00e9rdida parcial o total, la destrucci\u00f3n o el acceso no autorizado por parte de terceros. Nuestras medidas de seguridad se mejoran continuamente en funci\u00f3n de los avances tecnol\u00f3gicos.<\/p>\n<p><strong>11. actualizaci\u00f3n y modificaci\u00f3n de la presente pol\u00edtica de privacidad<\/strong><\/p>\n<p>Debido al desarrollo de nuestra p\u00e1gina web y de las ofertas que en ella se ofrecen o debido a cambios en los requisitos legales u oficiales, puede ser necesario modificar esta declaraci\u00f3n de protecci\u00f3n de datos. Puede acceder e imprimir la pol\u00edtica de privacidad actual en cualquier momento en el sitio web www.socaconsult.com\/proteccion-de-datos\/.<\/p>\n<p><strong>Estado: Marzo 2025<\/strong>[\/vc_column_text][\/vc_column][\/vc_row]<\/p>\n<\/div>","protected":false},"excerpt":{"rendered":"<p>[vc_row][vc_column][\/vc_column][\/vc_row][vc_row][vc_column][vc_column_text] Pol\u00edtica de protecci\u00f3n de datos [\/vc_column_text][\/vc_column][\/vc_row][vc_row][vc_column][vc_column_text css=\u00bb\u00bb]1. organismo responsable El responsable del tratamiento de conformidad con el Art. 4 (7) del Reglamento General de Protecci\u00f3n de Datos de la UE (GDPR) es SOCA BUSINESS CONSULTING GmbH &amp; Co.KG Brandenburgerstr. 18 14822 Br\u00fcck Tel\u00e9fono: 0176-32445228 Correo electr\u00f3nico: info@socaconsult.com 2. informaci\u00f3n sobre la recogida y almacenamiento [&hellip;]<\/p>\n","protected":false},"author":1,"featured_media":0,"parent":0,"menu_order":0,"comment_status":"closed","ping_status":"closed","template":"","meta":{"_acf_changed":false,"inline_featured_image":false,"footnotes":""},"class_list":["post-1139","page","type-page","status-publish","hentry"],"acf":[],"_links":{"self":[{"href":"https:\/\/www.socaconsult.com\/es\/wp-json\/wp\/v2\/pages\/1139","targetHints":{"allow":["GET"]}}],"collection":[{"href":"https:\/\/www.socaconsult.com\/es\/wp-json\/wp\/v2\/pages"}],"about":[{"href":"https:\/\/www.socaconsult.com\/es\/wp-json\/wp\/v2\/types\/page"}],"author":[{"embeddable":true,"href":"https:\/\/www.socaconsult.com\/es\/wp-json\/wp\/v2\/users\/1"}],"replies":[{"embeddable":true,"href":"https:\/\/www.socaconsult.com\/es\/wp-json\/wp\/v2\/comments?post=1139"}],"version-history":[{"count":18,"href":"https:\/\/www.socaconsult.com\/es\/wp-json\/wp\/v2\/pages\/1139\/revisions"}],"predecessor-version":[{"id":1758,"href":"https:\/\/www.socaconsult.com\/es\/wp-json\/wp\/v2\/pages\/1139\/revisions\/1758"}],"wp:attachment":[{"href":"https:\/\/www.socaconsult.com\/es\/wp-json\/wp\/v2\/media?parent=1139"}],"curies":[{"name":"wp","href":"https:\/\/api.w.org\/{rel}","templated":true}]}}